{"id":2197,"date":"2024-04-17T08:50:41","date_gmt":"2024-04-17T15:50:41","guid":{"rendered":"https:\/\/medicine.wsu.edu\/speech-hearing-sciences\/?page_id=2197"},"modified":"2026-01-30T12:21:14","modified_gmt":"2026-01-30T20:21:14","slug":"campamento-puedo-decirlo","status":"publish","type":"page","link":"https:\/\/medicine.wsu.edu\/speech-hearing-sciences\/clinics-facilities\/campamento-puedo-decirlo\/","title":{"rendered":"Campamento \u00a1Puedo decirlo!"},"content":{"rendered":"<div class=\"wsu-hero wsu-width--full wsu-pattern--wsu-light-radial-left  wsu-hero--size-small \">\n\t\n\t<div class=\"wsu-image-frame wsu-image-frame--fill\">\n\t<img decoding=\"async\" src=\"https:\/\/wpcdn.web.wsu.edu\/wp-medicine\/uploads\/sites\/3092\/2024\/08\/Camp-I-Can-Say-It-1.jpg\"\n\t\tsrcset=\"https:\/\/wpcdn.web.wsu.edu\/wp-medicine\/uploads\/sites\/3092\/2024\/08\/Camp-I-Can-Say-It-1.jpg 1800w, https:\/\/wpcdn.web.wsu.edu\/wp-medicine\/uploads\/sites\/3092\/2024\/08\/Camp-I-Can-Say-It-1.jpg 396w, https:\/\/wpcdn.web.wsu.edu\/wp-medicine\/uploads\/sites\/3092\/2024\/08\/Camp-I-Can-Say-It-1.jpg 792w, https:\/\/wpcdn.web.wsu.edu\/wp-medicine\/uploads\/sites\/3092\/2024\/08\/Camp-I-Can-Say-It-1.jpg 768w, https:\/\/wpcdn.web.wsu.edu\/wp-medicine\/uploads\/sites\/3092\/2024\/08\/Camp-I-Can-Say-It-1.jpg 1536w, https:\/\/wpcdn.web.wsu.edu\/wp-medicine\/uploads\/sites\/3092\/2024\/08\/Camp-I-Can-Say-It-1.jpg 198w\"\n\t\tsizes=\"(max-width: 1800px) 100vw, 1800px\"\n\t\talt=\"Story time with group of children\"\n\t\tstyle=\"object-position: 83% 25%\"\n\t\t\/>\n<\/div>\n\n\t<div class=\"wsu-overlay wsu-pattern-after wsu-overlay--none wsu-pattern--none\"><\/div>\n\t<div class=\"wsu-hero__content\">\n\t\t<div class=\"wsu-hero__caption\">\n\t\t\t\t\t\t\t\t\t\t\t\t\t\t<\/div>\n\t\t\t<\/div>\n<\/div>\n\n\n<div class=\"breadcrumbs\" typeof=\"BreadcrumbList\" vocab=\"https:\/\/schema.org\/\">\r\n\t<!-- Breadcrumb NavXT 7.2.0 -->\n<span property=\"itemListElement\" typeof=\"ListItem\"><a property=\"item\" typeof=\"WebPage\" title=\"Go to Medicine Network Sites.\" href=\"https:\/\/medicine.wsu.edu\/\" class=\"main-home\" ><span property=\"name\">College of Medicine<\/span><\/a><meta property=\"position\" content=\"1\"><\/span><span property=\"itemListElement\" typeof=\"ListItem\"><a property=\"item\" typeof=\"WebPage\" title=\"Go to Elson S. Floyd College of Medicine.\" href=\"https:\/\/medicine.wsu.edu\/speech-hearing-sciences\" class=\"home\" ><span property=\"name\">Speech and Hearing Sciences<\/span><\/a><meta property=\"position\" content=\"2\"><\/span><span property=\"itemListElement\" typeof=\"ListItem\"><a property=\"item\" typeof=\"WebPage\" title=\"Go to Private: News.\" href=\"https:\/\/medicine.wsu.edu\/speech-hearing-sciences\/news\/\" class=\"post-root post post-post\" aria-current=\"page\"><span property=\"name\">Private: News<\/span><\/a><meta property=\"position\" content=\"3\"><\/span><\/div><header class=\"wsu-article-header \">\r\n\t<h1 class=\"wsu-article-header__title\">\r\n\t\tCampamento \u00a1Puedo decirlo!\t<\/h1>\r\n\t\t<\/header>\r\n\n\n\n<p class=\"wsu-font-size--small wsu-spacing-after--none\"><a href=\"https:\/\/medicine.wsu.edu\/speech-hearing-sciences\/clinics-facilities\/camp-i-can-say-it\/\">View in English<\/a><\/p>\n\n\n<section  class=\"wsu-section  wsu-width--full wsu-color-background--gray-5\"  >\r\n    <div class=\"wsu-section__inner wsu-width--content\">    \n<div class=\"wsu-row wsu-row--sidebar-right\" >\r\n    \n<div class=\"wsu-column\"  style=\"\">\r\n\t\n\n\n\n<p>Un campamento de verano biling\u00fce intensivo de terapia del habla y alfabetizaci\u00f3n temprana para ni\u00f1os de 5 a 7 a\u00f1os con apraxia del habla infantil (CAS) u otros trastornos graves del habla, que se llevar\u00e1 a cabo en <a href=\"https:\/\/keewaydin.ksd.org\/\">Keewaydin Discovery Center<\/a> en Kennewick, Washington. Est\u00e1 dirigido por Dra. Amy Meredith de Washington State University (WSU) Elson S. Floyd College of Medicine <a href=\"https:\/\/medicine.wsu.edu\/speech-hearing-sciences\/\">Department of Speech and Hearing Sciences (departamento de ciencias del habla y audici\u00f3n)<\/a>. <\/p>\n\n<\/div>\r\n\n\n<div class=\"wsu-column wsu-color-background--gray-5 wsu-spacing-top--none\"  style=\"\">\r\n\t\n\n<h2 class=\"wp-block-heading wsu-font-size--large wsu-spacing-after--none\">Contacto<\/h2>\n\n\n<div \n\tclass=\"wsu-people-list wsu-people-list--white-card-backgrounds\"\n\tdata-component-id=\"41a8468c3ec443d18f221c47f98dab3b\"\n\t\t\t\t\t\t\t\t\t\t\t\n\t\t\tdata-className=\"wsu-people-list--white-card-backgrounds\"\n\t\t\t\t\t\t\t\t\t\t\t\t\n\t\t\tdata-count=\"100\"\n\t\t\t\t\t\t\t\t\t\t\t\t\n\t\t\tdata-page=\"1\"\n\t\t\t\t\t\t\t\t\t\t\t\t\n\t\t\tdata-nid=\"mereditha,\"\n\t\t\t\t\t\t\t\t\t\t\t\t\n\t\t\tdata-classification=\"\"\n\t\t\t\t\t\t\t\t\t\t\t\t\n\t\t\tdata-university-category=\"\"\n\t\t\t\t\t\t\t\t\t\t\t\t\n\t\t\tdata-university-location=\"\"\n\t\t\t\t\t\t\t\t\t\t\t\t\n\t\t\tdata-university-organization=\"\"\n\t\t\t\t\t\t\t\t\t\t\t\t\n\t\t\tdata-tag=\"\"\n\t\t\t\t\t\t\t\t\t\t\t\t\n\t\t\tdata-profile-order=\"\"\n\t\t\t\t\t\t\t\t\t\t\t\t\n\t\t\tdata-display-fields=\"name,title,phone\"\n\t\t\t\t\t\t\t\t\t\t\t\t\n\t\t\tdata-focus-area-label=\"Focus Area\"\n\t\t\t\t\t\t\t\t\t\t\t\t\n\t\t\tdata-website-link-text=\"Website\"\n\t\t\t\t\t\t\t\t\t\t\t\t\n\t\t\tdata-profile-link=\"\"\n\t\t\t\t\t\t\t\t\t\t\t\t\n\t\t\tdata-headingTag=\"h2\"\n\t\t\t\t\t\t\t\t\t\t\t\t\n\t\t\tdata-columns=\"1\"\n\t\t\t\t\t\t\t\t\t\t\t\t\n\t\t\tdata-photo-size=\"medium\"\n\t\t\t\t\t\t\t\t\t\t\t\t\n\t\t\tdata-photo-srcset=\"\"\n\t\t\t\t\t\t\t\t\t\t\t\t\n\t\t\tdata-filters=\"\"\n\t\t\t\t\t\t\t\t\t\t\t\t\n\t\t\tdata-only-show-selected-term-values=\"\"\n\t\t\t\t\t\t\t\t\t\t\t\t\n\t\t\tdata-exclude-term-values=\"\"\n\t\t\t\t\t\t\t\t\t\t\t\t\n\t\t\tdata-include-term-values=\"\"\n\t\t\t\t\t\t\t\t\t\t\t\t\n\t\t\tdata-directory-filter-label=\"Filter by Area\"\n\t\t\t\t\t\t\t\t\t\t\t\t\n\t\t\tdata-directory-filter-terms=\"\"\n\t\t\t\t\t\t\t\t\t\t\t\t\n\t\t\tdata-category-filter-label=\"Filter by Category\"\n\t\t\t\t\t\t\t\t\t\t\t\t\n\t\t\tdata-category-filter-terms=\"\"\n\t\t\t\t\t\t\t\t\t\t\t\t\n\t\t\tdata-classification-filter-label=\"Filter by Classification\"\n\t\t\t\t\t\t\t\t\t\t\t\t\n\t\t\tdata-classification-filter-terms=\"\"\n\t\t\t\t\t\t\t\t\t\t\t\t\n\t\t\tdata-location-filter-label=\"Filter by Location\"\n\t\t\t\t\t\t\t\t\t\t\t\t\n\t\t\tdata-location-filter-terms=\"\"\n\t\t\t\t\t\t\t\t\t\t\t\t\n\t\t\tdata-organization-filter-label=\"Filter by Organization\"\n\t\t\t\t\t\t\t\t\t\t\t\t\n\t\t\tdata-organization-filter-terms=\"\"\n\t\t\t\t\t\t\t\t\t\t\t\t\n\t\t\tdata-search-filter-label=\"Type to search\"\n\t\t\t\t\t\t\t\t\t\t\t\t\n\t\t\tdata-tag-filter-label=\"Filter by Tag\"\n\t\t\t\t\t\t\t\t\t\t\t\t\n\t\t\tdata-tag-filter-terms=\"\"\n\t\t\t\t\t\t\t\t\t\t\t\t\n\t\t\tdata-directory=\"\"\n\t\t\t\t\t\t\t\t\t\t\t\t\n\t\t\tdata-exclude-child-directories=\"1\"\n\t\t\t\t\t\t\t\t\t\t\t\t\n\t\t\tdata-show-profile=\"\"\n\t\t\t\t\t\t\t\t\t\t\t\t\n\t\t\tdata-indexProfiles=\"\"\n\t\t\t\t\t\t\t\t\t\t\t\t\n\t\t\tdata-use-custom-profile-link=\"\"\n\t\t\t\t\t\t\t\t\t\t\t\t\n\t\t\tdata-use-organization=\"\"\n\t\t\t\t\t\t\t\t\t\t\t\t\n\t\t\tdata-custom-profile-link=\"\"\n\t\t\t\t\t\t\t\t\t\t\t\t\n\t\t\tdata-base-url=\"https:\/\/colleagues.medicine.wsu.edu\/api\/public\/profiles?\"\n\t\t\t\t\t\t\t\t\t\t\t\t\n\t\t\tdata-children=\"\"\n\t\t><\/div>\n\n\n\n<h2 class=\"wp-block-heading wsu-font-size--large wsu-spacing-after--none wsu-spacing-before--xsmall\">Para espa\u00f1ol<\/h2>\n\n\n<article class=\"wsu-card wsu-image-frame--ratio-square wsu-card--outline-shadow wsu-spacing-before--medium wsu-people-list--white-card-backgrounds wsu-color-background--white\">\r\n\t\t<div class=\"wsu-card__content\">\r\n\t\t\t\t\t\t\t\t\t\t<span class=\"wsu-card__content-custom\">\r\n\t\t\t\n\n<h3 class=\"wp-block-heading wsu-font-size--medium\">Victoria Franklin<\/h3>\n\n\n\n<p class=\"wsu-meta-phone wsu-meta--icon-crimson wsu-font-size--xsmall\"><a href=\"mailto:Mitch.swanger@wsu.edu\">360-557-4811<\/a><\/p>\n\n\t\t<\/span>\r\n\t\t\t\t\t<\/div>\r\n\t<\/article>\n<\/div>\r\n\n<\/div>\n    <\/div><\/section>\n\n\n<h2 class=\"wp-block-heading wsu-spacing-before--xmedium\">Caracter\u00edsticas del programa<\/h2>\n\n\n\n<p>Durante la semana previa al campamento, cada participante tendr\u00e1 una evaluaci\u00f3n individual y las familias tendr\u00e1n la oportunidad de conocer al personal del campamento. Durante los cinco d\u00edas del campamento, brindaremos terapia basada en investigaciones cient\u00edficas y actividades en ingl\u00e9s y espa\u00f1ol para los participantes y educaci\u00f3n para las familias. Cada participante ser\u00e1 emparejado con estudiantes obteniendo su maestr\u00eda en terapia del habla-lenguaje, y estas sesiones ser\u00e1n supervisadas por logopedas certificadas. La mayor\u00eda del personal del campamento es biling\u00fce.<\/p>\n\n\n\n<h3 class=\"wp-block-heading\">Evaluaci\u00f3n individual<\/h3>\n\n\n\n<p>Antes del campamento, las necesidades y objetivos del habla de cada participante se evaluar\u00e1n durante una cita de telesalud y una cita en persona. Esta evaluaci\u00f3n integral incluir\u00e1 una evaluaci\u00f3n biling\u00fce ingl\u00e9s-espa\u00f1ol, evaluaci\u00f3n del habla motora adaptada al espa\u00f1ol, examen estructural funcional de la boca y la garganta, evaluaci\u00f3n de la audici\u00f3n, muestreo del lenguaje y evaluaci\u00f3n del conocimiento de las letras y sus sonidos.<\/p>\n\n\n\n<h3 class=\"wp-block-heading\">Terapia individual<\/h3>\n\n\n\n<p>Durante el campamento, cada participante recibir\u00e1 60 minutos de terapia individual por d\u00eda en dos sesiones de 30 minutos para respaldar sus objetivos espec\u00edficos del habla. La terapia utilizar\u00e1 se\u00f1ales temporales t\u00e1ctiles din\u00e1micas (DTTC), un enfoque que tiene como objetivo mejorar la capacidad del cerebro para planificar movimientos para el habla.<\/p>\n\n\n\n<h3 class=\"wp-block-heading\">Terapia en grupos peque\u00f1os<\/h3>\n\n\n\n<p>Los participantes tendr\u00e1n oportunidades de practicar su habla en un grupo peque\u00f1o mientras reciben apoyo personalizado. En la terapia en grupos peque\u00f1os, trabajar\u00e1n la conciencia fonol\u00f3gica y las habilidades de lectura temprana utilizando el enfoque de caras f\u00f3nicas, que ayuda a los ni\u00f1os a asociar letras con sonidos y practicar esos sonidos.<\/p>\n\n\n\n<h3 class=\"wp-block-heading\">Terapia en grupo grande<\/h3>\n\n\n\n<p>En la terapia en grupo grande, los participantes practicar\u00e1n sus objetivos de comunicaci\u00f3n social y reforzar\u00e1n la conciencia de las letras y sus sonidos durante la merienda y otras actividades mientras siguen recibiendo apoyo personalizado.<\/p>\n\n\n<div class=\"wsu-decorator  wsu-position--relative wsu-decorator--style-lines-crimson\" style=\"top:0;height:2rem;width:100%\"><\/div>\n\n\n\n\n\n\n<h2 class=\"wp-block-heading wsu-spacing-before--large\">Datos sobre el desarrollo del lenguaje biling\u00fce<\/h2>\n\n\n\n<ol type=\"1\">\n<li>Todos los ni\u00f1os son capaces de aprender varios idiomas, incluidos los ni\u00f1os con retrasos en el desarrollo y dificultades de aprendizaje.<\/li>\n\n\n\n<li>El biling\u00fcismo no provoca retrasos en el lenguaje. Se ha demostrado que mejora la capacidad de los ni\u00f1os para aprender nuevas palabras, identificar sonidos y resolver problemas.<\/li>\n\n\n\n<li>Las familias deben hablar el idioma con el que se sientan m\u00e1s c\u00f3modas, para que los ni\u00f1os tengan modelos ling\u00fc\u00edsticos adecuados y puedan interactuar con otros miembros de su comunidad.<\/li>\n<\/ol>\n\n\n\n<div style=\"height:37px\" aria-hidden=\"true\" class=\"wp-block-spacer\"><\/div>\n\n\n<section  class=\"wsu-section wsu-width--full wsu-color-background--crimson wsu-decorator--style-block-crimson-wsu wsu-spacing-top--none wsu-spacing-bottom--none wsu-spacing-padding-left--medium wsu-spacing-padding-right--medium wsu-spacing-before--none wsu-spacing-after--none\"  >\r\n    <div class=\"wsu-section__inner wsu-width--content\">    \n<div class=\"wsu-row wsu-row--single\" >\r\n    \n<div class=\"wsu-column wsu-spacing-after--none\"  style=\"\">\r\n\t\n\n<div style=\"height:52px\" aria-hidden=\"true\" class=\"wp-block-spacer\"><\/div>\n\n<\/div>\r\n\n<\/div>\n    <\/div><\/section>","protected":false},"excerpt":{"rendered":"<p>View in English Caracter\u00edsticas del programa Durante la semana previa al campamento, cada participante tendr\u00e1 una evaluaci\u00f3n individual y las familias tendr\u00e1n la oportunidad de conocer al personal del campamento. Durante los cinco d\u00edas del campamento, brindaremos terapia basada en investigaciones cient\u00edficas y actividades en ingl\u00e9s y espa\u00f1ol para los participantes y educaci\u00f3n para las [&hellip;]<\/p>\n","protected":false},"author":34189,"featured_media":0,"parent":1794,"menu_order":0,"comment_status":"closed","ping_status":"closed","template":"","meta":[],"categories":[],"tags":[],"wsuwp_university_location":[],"wsuwp_university_org":[],"_links":{"self":[{"href":"https:\/\/medicine.wsu.edu\/speech-hearing-sciences\/wp-json\/wp\/v2\/pages\/2197"}],"collection":[{"href":"https:\/\/medicine.wsu.edu\/speech-hearing-sciences\/wp-json\/wp\/v2\/pages"}],"about":[{"href":"https:\/\/medicine.wsu.edu\/speech-hearing-sciences\/wp-json\/wp\/v2\/types\/page"}],"author":[{"embeddable":true,"href":"https:\/\/medicine.wsu.edu\/speech-hearing-sciences\/wp-json\/wp\/v2\/users\/34189"}],"replies":[{"embeddable":true,"href":"https:\/\/medicine.wsu.edu\/speech-hearing-sciences\/wp-json\/wp\/v2\/comments?post=2197"}],"version-history":[{"count":13,"href":"https:\/\/medicine.wsu.edu\/speech-hearing-sciences\/wp-json\/wp\/v2\/pages\/2197\/revisions"}],"predecessor-version":[{"id":2934,"href":"https:\/\/medicine.wsu.edu\/speech-hearing-sciences\/wp-json\/wp\/v2\/pages\/2197\/revisions\/2934"}],"up":[{"embeddable":true,"href":"https:\/\/medicine.wsu.edu\/speech-hearing-sciences\/wp-json\/wp\/v2\/pages\/1794"}],"wp:attachment":[{"href":"https:\/\/medicine.wsu.edu\/speech-hearing-sciences\/wp-json\/wp\/v2\/media?parent=2197"}],"wp:term":[{"taxonomy":"category","embeddable":true,"href":"https:\/\/medicine.wsu.edu\/speech-hearing-sciences\/wp-json\/wp\/v2\/categories?post=2197"},{"taxonomy":"post_tag","embeddable":true,"href":"https:\/\/medicine.wsu.edu\/speech-hearing-sciences\/wp-json\/wp\/v2\/tags?post=2197"},{"taxonomy":"wsuwp_university_location","embeddable":true,"href":"https:\/\/medicine.wsu.edu\/speech-hearing-sciences\/wp-json\/wp\/v2\/wsuwp_university_location?post=2197"},{"taxonomy":"wsuwp_university_org","embeddable":true,"href":"https:\/\/medicine.wsu.edu\/speech-hearing-sciences\/wp-json\/wp\/v2\/wsuwp_university_org?post=2197"}],"curies":[{"name":"wp","href":"https:\/\/api.w.org\/{rel}","templated":true}]}}